{"id":53,"date":"2023-09-25T18:34:57","date_gmt":"2023-09-25T21:34:57","guid":{"rendered":"https:\/\/barkeria.com.br\/2023\/?post_type=product&#038;p=53"},"modified":"2026-03-11T16:27:15","modified_gmt":"2026-03-11T19:27:15","slug":"petisco-treino-de-beterraba-e-inhame","status":"publish","type":"product","link":"https:\/\/barkeria.com.br\/2023\/?product=petisco-treino-de-beterraba-e-inhame","title":{"rendered":"Petisco Treino\u00ae\ufe0f de Beterraba e Inhame"},"content":{"rendered":"<h4 class=\"cvGsUA direction-ltr align-start para-style-body\"><strong><span class=\"a_GcMg font-feature-liga-off font-feature-clig-off font-feature-calt-off text-decoration-none text-strikethrough-none\">Petisco ideal para c\u00e3es com sensibilidade alimentar. <\/span><span class=\"a_GcMg font-feature-liga-off font-feature-clig-off font-feature-calt-off text-decoration-none text-strikethrough-none\">Sem trigo ou prote\u00edna animal, com apenas 5 ingredientes.<\/span><\/strong><\/h4>\n<p>&nbsp;<\/p>\n<h4><strong>Para que esse petisco \u00e9 indicado<\/strong><\/h4>\n<ul>\n<li data-start=\"1571\" data-end=\"1588\">Treinos di\u00e1rios<\/li>\n<li data-start=\"1591\" data-end=\"1612\">Recompensas r\u00e1pidas<\/li>\n<li data-start=\"1615\" data-end=\"1640\">Filhotes e c\u00e3es adultos<\/li>\n<li data-start=\"1643\" data-end=\"1683\">Est\u00edmulo positivo no dia a dia<\/li>\n<\/ul>\n<p data-start=\"1685\" data-end=\"1747\">Ideal para quem busca praticidade sem abrir m\u00e3o de cuidado<\/p>\n<h4 data-start=\"1779\" data-end=\"1801\"><strong data-start=\"1784\" data-end=\"1801\">Como oferecer<\/strong><\/h4>\n<p data-start=\"1802\" data-end=\"1855\">Pode ser oferecido diariamente, sempre com modera\u00e7\u00e3o.<\/p>\n<p data-start=\"1857\" data-end=\"1950\">Recomendamos que os petiscos representem at\u00e9 <strong data-start=\"1902\" data-end=\"1942\">10% da quantidade di\u00e1ria de alimento<\/strong> do c\u00e3o.<\/p>\n<p data-start=\"1952\" data-end=\"2021\">Ajuste a quantidade de acordo com o porte, idade e rotina do seu c\u00e3o.<\/p>\n<p data-start=\"2177\" data-end=\"2334\">Produzido em pequenos lotes, com ingredientes naturais, reconhecidos pelo uso seguro na alimenta\u00e7\u00e3o canina.<br data-start=\"2255\" data-end=\"2258\" \/>Para saber mais, veja nossa <a href=\"https:\/\/barkeria.com.br\/2023\/?page_id=307\"><strong data-start=\"2289\" data-end=\"2315\">p\u00e1gina de ingredientes<\/strong><\/a>.<\/p>\n<h4><strong>Prazo de validade <\/strong><\/h4>\n<p>130 dias a partir da data de fabrica\u00e7\u00e3o.\u00a0 Consulte a data informada na embalagem.<\/p>\n<h4 data-start=\"1929\" data-end=\"1947\"><strong data-start=\"1933\" data-end=\"1947\">Importante<\/strong><\/h4>\n<p data-start=\"1948\" data-end=\"2050\">Produto pensado para complementar a alimenta\u00e7\u00e3o de c\u00e3es saud\u00e1veis e n\u00e3o substitui o alimento completo.<\/p>\n<p data-start=\"2052\" data-end=\"2181\">Cada c\u00e3o \u00e9 \u00fanico. Em caso de condi\u00e7\u00f5es espec\u00edficas, alergias ou restri\u00e7\u00f5es alimentares, consulte o veterin\u00e1rio antes de oferecer.<\/p>\n<h3 data-start=\"2349\" data-end=\"2398\"><strong data-start=\"2353\" data-end=\"2398\">Pronto para incluir na rotina do seu c\u00e3o?<\/strong><\/h3>\n<p data-start=\"2399\" data-end=\"2451\">Escolha a quantidade desejada e finalize seu pedido.<\/p>\n","protected":false},"excerpt":{"rendered":"<p>Petisco de treino de origem vegetal, em tamanho pequeno, indicado para o uso di\u00e1rio durante treinos e passeios.<\/p>\n","protected":false},"featured_media":452,"template":"","meta":{"site-sidebar-layout":"default","site-content-layout":"","ast-site-content-layout":"default","site-content-style":"default","site-sidebar-style":"default","ast-global-header-display":"","ast-banner-title-visibility":"","ast-main-header-display":"","ast-hfb-above-header-display":"","ast-hfb-below-header-display":"","ast-hfb-mobile-header-display":"","site-post-title":"","ast-breadcrumbs-content":"","ast-featured-img":"","footer-sml-layout":"","ast-disable-related-posts":"","theme-transparent-header-meta":"default","adv-header-id-meta":"","stick-header-meta":"","header-above-stick-meta":"","header-main-stick-meta":"","header-below-stick-meta":"","astra-migrate-meta-layouts":"set","ast-page-background-enabled":"default","ast-page-background-meta":{"desktop":{"background-color":"var(--ast-global-color-4)","background-image":"","background-repeat":"repeat","background-position":"center center","background-size":"auto","background-attachment":"scroll","background-type":"","background-media":"","overlay-type":"","overlay-color":"","overlay-opacity":"","overlay-gradient":""},"tablet":{"background-color":"","background-image":"","background-repeat":"repeat","background-position":"center center","background-size":"auto","background-attachment":"scroll","background-type":"","background-media":"","overlay-type":"","overlay-color":"","overlay-opacity":"","overlay-gradient":""},"mobile":{"background-color":"","background-image":"","background-repeat":"repeat","background-position":"center center","background-size":"auto","background-attachment":"scroll","background-type":"","background-media":"","overlay-type":"","overlay-color":"","overlay-opacity":"","overlay-gradient":""}},"ast-content-background-meta":{"desktop":{"background-color":"var(--ast-global-color-5)","background-image":"","background-repeat":"repeat","background-position":"center center","background-size":"auto","background-attachment":"scroll","background-type":"","background-media":"","overlay-type":"","overlay-color":"","overlay-opacity":"","overlay-gradient":""},"tablet":{"background-color":"var(--ast-global-color-5)","background-image":"","background-repeat":"repeat","background-position":"center center","background-size":"auto","background-attachment":"scroll","background-type":"","background-media":"","overlay-type":"","overlay-color":"","overlay-opacity":"","overlay-gradient":""},"mobile":{"background-color":"var(--ast-global-color-5)","background-image":"","background-repeat":"repeat","background-position":"center center","background-size":"auto","background-attachment":"scroll","background-type":"","background-media":"","overlay-type":"","overlay-color":"","overlay-opacity":"","overlay-gradient":""}}},"product_brand":[],"product_cat":[30,42],"product_tag":[18,19,55,56,22,54,23,24],"class_list":{"0":"post-53","1":"product","2":"type-product","3":"status-publish","4":"has-post-thumbnail","6":"product_cat-linha-treino","7":"product_cat-vegetariano","8":"product_tag-alimentacao-natural-para-caes","9":"product_tag-cachorro","10":"product_tag-petisco-de-beterraba","11":"product_tag-petisco-de-inhame","12":"product_tag-petisco-natural","13":"product_tag-petisco-vegetariano-para-caes","14":"product_tag-sem-conservante","15":"product_tag-sem-corante","16":"product_shipping_class-facil","17":"desktop-align-center","18":"tablet-align-left","19":"mobile-align-left","21":"first","22":"instock","23":"shipping-taxable","24":"purchasable","25":"product-type-simple"},"_links":{"self":[{"href":"https:\/\/barkeria.com.br\/2023\/index.php?rest_route=\/wp\/v2\/product\/53","targetHints":{"allow":["GET"]}}],"collection":[{"href":"https:\/\/barkeria.com.br\/2023\/index.php?rest_route=\/wp\/v2\/product"}],"about":[{"href":"https:\/\/barkeria.com.br\/2023\/index.php?rest_route=\/wp\/v2\/types\/product"}],"wp:featuredmedia":[{"embeddable":true,"href":"https:\/\/barkeria.com.br\/2023\/index.php?rest_route=\/wp\/v2\/media\/452"}],"wp:attachment":[{"href":"https:\/\/barkeria.com.br\/2023\/index.php?rest_route=%2Fwp%2Fv2%2Fmedia&parent=53"}],"wp:term":[{"taxonomy":"product_brand","embeddable":true,"href":"https:\/\/barkeria.com.br\/2023\/index.php?rest_route=%2Fwp%2Fv2%2Fproduct_brand&post=53"},{"taxonomy":"product_cat","embeddable":true,"href":"https:\/\/barkeria.com.br\/2023\/index.php?rest_route=%2Fwp%2Fv2%2Fproduct_cat&post=53"},{"taxonomy":"product_tag","embeddable":true,"href":"https:\/\/barkeria.com.br\/2023\/index.php?rest_route=%2Fwp%2Fv2%2Fproduct_tag&post=53"}],"curies":[{"name":"wp","href":"https:\/\/api.w.org\/{rel}","templated":true}]}}