{"id":43,"date":"2023-09-25T18:34:52","date_gmt":"2023-09-25T21:34:52","guid":{"rendered":"https:\/\/barkeria.com.br\/2023\/?post_type=product&#038;p=43"},"modified":"2026-01-14T10:58:14","modified_gmt":"2026-01-14T13:58:14","slug":"estrela-de-bacon-espinafre-e-chuchu","status":"publish","type":"product","link":"https:\/\/barkeria.com.br\/2023\/?product=estrela-de-bacon-espinafre-e-chuchu","title":{"rendered":"Estrela Natural de Bacon, Chuchu e Espinafre"},"content":{"rendered":"<h4>Petisco natural em formato de estrela, preparado com bacon, legumes e ingredientes naturais, com aroma e sabor caracter\u00edsticos.<\/h4>\n<p>&nbsp;<\/p>\n<h4 data-start=\"1131\" data-end=\"1158\"><strong data-start=\"1135\" data-end=\"1158\">Para que \u00e9 indicado<\/strong><\/h4>\n<ul>\n<li data-start=\"1161\" data-end=\"1185\">Momentos de recompensa<\/li>\n<li data-start=\"1188\" data-end=\"1207\">Carinho e v\u00ednculo<\/li>\n<li data-start=\"1210\" data-end=\"1228\">Pausas na rotina<\/li>\n<li data-start=\"1231\" data-end=\"1269\">Oferecer ap\u00f3s passeios ou atividades<\/li>\n<\/ul>\n<p data-start=\"1385\" data-end=\"1440\">Ofere\u00e7a como um agrado ocasional, sempre com modera\u00e7\u00e3o.<\/p>\n<p data-start=\"1442\" data-end=\"1511\">Ajuste a quantidade de acordo com o porte, idade e rotina do seu c\u00e3o.<\/p>\n<h4><\/h4>\n<h4><strong>Ingredientes<\/strong><\/h4>\n<p>Farinha de aveia, farinha de arroz, azeite, ovo, bacon, chuchu, espinafre e salsa.<\/p>\n<p>Produzido em pequenos lotes, com ingredientes naturais, reconhecidos pelo uso seguro na alimenta\u00e7\u00e3o canina.<br data-start=\"2255\" data-end=\"2258\" \/>Para saber mais, veja nossa <a href=\"https:\/\/barkeria.com.br\/2023\/?page_id=307\"><strong data-start=\"2289\" data-end=\"2315\">p\u00e1gina de ingredientes<\/strong><\/a>.<\/p>\n<h4><strong>Prazo de validade <\/strong><\/h4>\n<p>70 dias a partir da data de fabrica\u00e7\u00e3o.\u00a0 Consulte a data informada na embalagem.<\/p>\n<h4 data-start=\"1929\" data-end=\"1947\"><strong data-start=\"1933\" data-end=\"1947\">Importante<\/strong><\/h4>\n<p data-start=\"1948\" data-end=\"2050\">Produto pensado para complementar a alimenta\u00e7\u00e3o de c\u00e3es saud\u00e1veis e n\u00e3o substitui o alimento completo.<\/p>\n<p data-start=\"2052\" data-end=\"2181\">Cada c\u00e3o \u00e9 \u00fanico. Em caso de condi\u00e7\u00f5es espec\u00edficas, alergias ou restri\u00e7\u00f5es alimentares, consulte o veterin\u00e1rio antes de oferecer.<\/p>\n<h3 data-start=\"2296\" data-end=\"2342\"><strong data-start=\"2300\" data-end=\"2342\">Um carinho a mais na rotina do seu c\u00e3o<\/strong><\/h3>\n<p data-start=\"2343\" data-end=\"2395\">Escolha a quantidade desejada e finalize seu pedido.<\/p>\n","protected":false},"excerpt":{"rendered":"<p data-start=\"759\" data-end=\"861\"><strong data-start=\"759\" data-end=\"861\">Petiscos naturais e artesanais, pensados para momentos especiais de recompensa, carinho e v\u00ednculo.<\/strong><\/p>\n<p data-start=\"863\" data-end=\"970\">Receitas com formatos maiores e texturas variadas, feitas com ingredientes simples e cuidado em cada etapa.<\/p>\n","protected":false},"featured_media":450,"template":"","meta":{"site-sidebar-layout":"default","site-content-layout":"","ast-site-content-layout":"default","site-content-style":"default","site-sidebar-style":"default","ast-global-header-display":"","ast-banner-title-visibility":"","ast-main-header-display":"","ast-hfb-above-header-display":"","ast-hfb-below-header-display":"","ast-hfb-mobile-header-display":"","site-post-title":"","ast-breadcrumbs-content":"","ast-featured-img":"","footer-sml-layout":"","ast-disable-related-posts":"","theme-transparent-header-meta":"default","adv-header-id-meta":"","stick-header-meta":"","header-above-stick-meta":"","header-main-stick-meta":"","header-below-stick-meta":"","astra-migrate-meta-layouts":"set","ast-page-background-enabled":"default","ast-page-background-meta":{"desktop":{"background-color":"var(--ast-global-color-4)","background-image":"","background-repeat":"repeat","background-position":"center center","background-size":"auto","background-attachment":"scroll","background-type":"","background-media":"","overlay-type":"","overlay-color":"","overlay-opacity":"","overlay-gradient":""},"tablet":{"background-color":"","background-image":"","background-repeat":"repeat","background-position":"center center","background-size":"auto","background-attachment":"scroll","background-type":"","background-media":"","overlay-type":"","overlay-color":"","overlay-opacity":"","overlay-gradient":""},"mobile":{"background-color":"","background-image":"","background-repeat":"repeat","background-position":"center center","background-size":"auto","background-attachment":"scroll","background-type":"","background-media":"","overlay-type":"","overlay-color":"","overlay-opacity":"","overlay-gradient":""}},"ast-content-background-meta":{"desktop":{"background-color":"var(--ast-global-color-5)","background-image":"","background-repeat":"repeat","background-position":"center center","background-size":"auto","background-attachment":"scroll","background-type":"","background-media":"","overlay-type":"","overlay-color":"","overlay-opacity":"","overlay-gradient":""},"tablet":{"background-color":"var(--ast-global-color-5)","background-image":"","background-repeat":"repeat","background-position":"center center","background-size":"auto","background-attachment":"scroll","background-type":"","background-media":"","overlay-type":"","overlay-color":"","overlay-opacity":"","overlay-gradient":""},"mobile":{"background-color":"var(--ast-global-color-5)","background-image":"","background-repeat":"repeat","background-position":"center center","background-size":"auto","background-attachment":"scroll","background-type":"","background-media":"","overlay-type":"","overlay-color":"","overlay-opacity":"","overlay-gradient":""}}},"product_brand":[],"product_cat":[49],"product_tag":[18,19,57,22,47,23,24],"class_list":{"0":"post-43","1":"product","2":"type-product","3":"status-publish","4":"has-post-thumbnail","6":"product_cat-linha-tradicional","7":"product_tag-alimentacao-natural-para-caes","8":"product_tag-cachorro","9":"product_tag-petisco-de-bacon","10":"product_tag-petisco-natural","11":"product_tag-petisco-para-recompensa","12":"product_tag-sem-conservante","13":"product_tag-sem-corante","14":"product_shipping_class-facil","15":"desktop-align-center","16":"tablet-align-left","17":"mobile-align-left","19":"first","20":"instock","21":"shipping-taxable","22":"purchasable","23":"product-type-simple"},"_links":{"self":[{"href":"https:\/\/barkeria.com.br\/2023\/index.php?rest_route=\/wp\/v2\/product\/43","targetHints":{"allow":["GET"]}}],"collection":[{"href":"https:\/\/barkeria.com.br\/2023\/index.php?rest_route=\/wp\/v2\/product"}],"about":[{"href":"https:\/\/barkeria.com.br\/2023\/index.php?rest_route=\/wp\/v2\/types\/product"}],"wp:featuredmedia":[{"embeddable":true,"href":"https:\/\/barkeria.com.br\/2023\/index.php?rest_route=\/wp\/v2\/media\/450"}],"wp:attachment":[{"href":"https:\/\/barkeria.com.br\/2023\/index.php?rest_route=%2Fwp%2Fv2%2Fmedia&parent=43"}],"wp:term":[{"taxonomy":"product_brand","embeddable":true,"href":"https:\/\/barkeria.com.br\/2023\/index.php?rest_route=%2Fwp%2Fv2%2Fproduct_brand&post=43"},{"taxonomy":"product_cat","embeddable":true,"href":"https:\/\/barkeria.com.br\/2023\/index.php?rest_route=%2Fwp%2Fv2%2Fproduct_cat&post=43"},{"taxonomy":"product_tag","embeddable":true,"href":"https:\/\/barkeria.com.br\/2023\/index.php?rest_route=%2Fwp%2Fv2%2Fproduct_tag&post=43"}],"curies":[{"name":"wp","href":"https:\/\/api.w.org\/{rel}","templated":true}]}}