{"id":41,"date":"2023-09-25T18:34:51","date_gmt":"2023-09-25T21:34:51","guid":{"rendered":"https:\/\/barkeria.com.br\/2023\/?post_type=product&#038;p=41"},"modified":"2026-01-06T12:37:34","modified_gmt":"2026-01-06T15:37:34","slug":"pasta-de-amendoim-150g","status":"publish","type":"product","link":"https:\/\/barkeria.com.br\/2023\/?product=pasta-de-amendoim-150g","title":{"rendered":"Pasta de Amendoim Natural para C\u00e3es &#8211; 150g"},"content":{"rendered":"<p><strong>O que \u00e9 <\/strong><br \/>\nPasta natural preparada com amendoim e \u00f3leo de coco, indicada para uso complementar na rotina do c\u00e3o.<\/p>\n<p><strong>Para que \u00e9 usada <\/strong><br \/>\nIndicada para enriquecimento ambiental, rechear brinquedos, tapetes olfativos e tornar a rotina mais interessante.<\/p>\n<p><strong>Como \u00e9 feita <\/strong><br \/>\nProduzida em pequenos lotes, com ingredientes naturais, sem a\u00e7\u00facar, sem sal e sem aditivos artificiais.<\/p>\n<p><strong>Ingredientes <\/strong><br \/>\nAmendoim e \u00f3leo de coco.<\/p>\n<p><strong>Prazo de validade <\/strong><br \/>\n180 dias a partir da data de fabrica\u00e7\u00e3o. A validade pode variar conforme as condi\u00e7\u00f5es de armazenamento. Consulte a data informada na embalagem.<\/p>\n<p><strong>Observa\u00e7\u00e3o <\/strong><br \/>\nEste produto n\u00e3o substitui a alimenta\u00e7\u00e3o principal.<\/p>\n","protected":false},"excerpt":{"rendered":"<p data-start=\"595\" data-end=\"720\"><strong data-start=\"595\" data-end=\"720\">Pasta natural para uso complementar, indicada para enriquecimento ambiental, rechear brinquedos e variar a rotina do c\u00e3o.<\/strong><\/p>\n<p data-start=\"722\" data-end=\"737\">\n","protected":false},"featured_media":550,"template":"","meta":{"site-sidebar-layout":"default","site-content-layout":"","ast-site-content-layout":"default","site-content-style":"default","site-sidebar-style":"default","ast-global-header-display":"","ast-banner-title-visibility":"","ast-main-header-display":"","ast-hfb-above-header-display":"","ast-hfb-below-header-display":"","ast-hfb-mobile-header-display":"","site-post-title":"","ast-breadcrumbs-content":"","ast-featured-img":"","footer-sml-layout":"","ast-disable-related-posts":"","theme-transparent-header-meta":"default","adv-header-id-meta":"","stick-header-meta":"","header-above-stick-meta":"","header-main-stick-meta":"","header-below-stick-meta":"","astra-migrate-meta-layouts":"set","ast-page-background-enabled":"default","ast-page-background-meta":{"desktop":{"background-color":"var(--ast-global-color-4)","background-image":"","background-repeat":"repeat","background-position":"center center","background-size":"auto","background-attachment":"scroll","background-type":"","background-media":"","overlay-type":"","overlay-color":"","overlay-opacity":"","overlay-gradient":""},"tablet":{"background-color":"","background-image":"","background-repeat":"repeat","background-position":"center center","background-size":"auto","background-attachment":"scroll","background-type":"","background-media":"","overlay-type":"","overlay-color":"","overlay-opacity":"","overlay-gradient":""},"mobile":{"background-color":"","background-image":"","background-repeat":"repeat","background-position":"center center","background-size":"auto","background-attachment":"scroll","background-type":"","background-media":"","overlay-type":"","overlay-color":"","overlay-opacity":"","overlay-gradient":""}},"ast-content-background-meta":{"desktop":{"background-color":"var(--ast-global-color-5)","background-image":"","background-repeat":"repeat","background-position":"center center","background-size":"auto","background-attachment":"scroll","background-type":"","background-media":"","overlay-type":"","overlay-color":"","overlay-opacity":"","overlay-gradient":""},"tablet":{"background-color":"var(--ast-global-color-5)","background-image":"","background-repeat":"repeat","background-position":"center center","background-size":"auto","background-attachment":"scroll","background-type":"","background-media":"","overlay-type":"","overlay-color":"","overlay-opacity":"","overlay-gradient":""},"mobile":{"background-color":"var(--ast-global-color-5)","background-image":"","background-repeat":"repeat","background-position":"center center","background-size":"auto","background-attachment":"scroll","background-type":"","background-media":"","overlay-type":"","overlay-color":"","overlay-opacity":"","overlay-gradient":""}}},"product_brand":[],"product_cat":[35],"product_tag":[18,20,58,60,59,23,24],"class_list":{"0":"post-41","1":"product","2":"type-product","3":"status-publish","4":"has-post-thumbnail","6":"product_cat-pastas","7":"product_tag-alimentacao-natural-para-caes","8":"product_tag-enriquecimento-ambiental","9":"product_tag-pasta-de-amendoim-para-caes","10":"product_tag-pasta-natural","11":"product_tag-rechear-brinquedos","12":"product_tag-sem-conservante","13":"product_tag-sem-corante","14":"product_shipping_class-facil","15":"desktop-align-center","16":"tablet-align-left","17":"mobile-align-left","19":"first","20":"instock","21":"shipping-taxable","22":"purchasable","23":"product-type-simple"},"_links":{"self":[{"href":"https:\/\/barkeria.com.br\/2023\/index.php?rest_route=\/wp\/v2\/product\/41","targetHints":{"allow":["GET"]}}],"collection":[{"href":"https:\/\/barkeria.com.br\/2023\/index.php?rest_route=\/wp\/v2\/product"}],"about":[{"href":"https:\/\/barkeria.com.br\/2023\/index.php?rest_route=\/wp\/v2\/types\/product"}],"wp:featuredmedia":[{"embeddable":true,"href":"https:\/\/barkeria.com.br\/2023\/index.php?rest_route=\/wp\/v2\/media\/550"}],"wp:attachment":[{"href":"https:\/\/barkeria.com.br\/2023\/index.php?rest_route=%2Fwp%2Fv2%2Fmedia&parent=41"}],"wp:term":[{"taxonomy":"product_brand","embeddable":true,"href":"https:\/\/barkeria.com.br\/2023\/index.php?rest_route=%2Fwp%2Fv2%2Fproduct_brand&post=41"},{"taxonomy":"product_cat","embeddable":true,"href":"https:\/\/barkeria.com.br\/2023\/index.php?rest_route=%2Fwp%2Fv2%2Fproduct_cat&post=41"},{"taxonomy":"product_tag","embeddable":true,"href":"https:\/\/barkeria.com.br\/2023\/index.php?rest_route=%2Fwp%2Fv2%2Fproduct_tag&post=41"}],"curies":[{"name":"wp","href":"https:\/\/api.w.org\/{rel}","templated":true}]}}